{"id":108,"date":"2025-09-12T12:11:10","date_gmt":"2025-09-12T12:11:10","guid":{"rendered":"https:\/\/www.sertgroup.fi\/?page_id=108"},"modified":"2026-03-04T12:16:28","modified_gmt":"2026-03-04T12:16:28","slug":"yhteystiedot","status":"publish","type":"page","link":"https:\/\/www.sertgroup.fi\/index.php\/yhteystiedot\/","title":{"rendered":"Yhteystiedot"},"content":{"rendered":"\n<div class=\"wp-block-media-text alignfull has-media-on-the-right is-stacked-on-mobile is-vertically-aligned-top has-text-color has-background has-link-color wp-elements-19e879faa0bbbf0b1d577e7b9244aa75\" style=\"color:#fffdc7;background-color:#121c1c;grid-template-columns:auto 48%\"><div class=\"wp-block-media-text__content\">\n<div class=\"wp-block-group has-link-color wp-elements-ed1ad6dbf83eab4d03f98c9fd8f9b9df is-layout-flow wp-block-group-is-layout-flow\" style=\"padding-top:2em;padding-right:2em;padding-bottom:2em;padding-left:2em\">\n<h2 class=\"wp-block-heading\" style=\"font-size:48px;font-style:normal;font-weight:700;line-height:1.15\"><strong><mark style=\"background-color:rgba(0, 0, 0, 0)\" class=\"has-inline-color has-background-color\">Ota yhteytt\u00e4 \u2013 tehd\u00e4\u00e4n kuljetuksestasi helppo ja huoleton.<\/mark><\/strong><\/h2>\n\n\n\n<p><em><mark style=\"background-color:rgba(0, 0, 0, 0)\" class=\"has-inline-color has-background-color\">Efe Sert<\/mark><\/em><\/p>\n\n\n\n<p><em><mark style=\"background-color:rgba(0, 0, 0, 0)\" class=\"has-inline-color has-background-color\">Kuljetusp\u00e4\u00e4llikk\u00f6<\/mark><\/em><\/p>\n\n\n\n<div class=\"wp-block-group is-nowrap is-layout-flex wp-container-core-group-is-layout-5c4495dd wp-block-group-is-layout-flex\">\n<div class=\"wp-block-font-awesome-icon wp-font-awesome-icon\"><svg aria-hidden=\"true\" focusable=\"false\" data-prefix=\"fas\" data-icon=\"phone\" class=\"svg-inline--fa fa-phone \" role=\"img\" xmlns=\"http:\/\/www.w3.org\/2000\/svg\" viewBox=\"0 0 512 512\"><path fill=\"currentColor\" d=\"M160.2 25C152.3 6.1 131.7-3.9 112.1 1.4l-5.5 1.5c-64.6 17.6-119.8 80.2-103.7 156.4 37.1 175 174.8 312.7 349.8 349.8 76.3 16.2 138.8-39.1 156.4-103.7l1.5-5.5c5.4-19.7-4.7-40.3-23.5-48.1l-97.3-40.5c-16.5-6.9-35.6-2.1-47 11.8l-38.6 47.2C233.9 335.4 177.3 277 144.8 205.3L189 169.3c13.9-11.3 18.6-30.4 11.8-47L160.2 25z\"><\/path><\/svg><\/div>\n\n\n\n<h4 class=\"wp-block-heading\"><mark style=\"background-color:rgba(0, 0, 0, 0)\" class=\"has-inline-color has-background-color\">+358&nbsp;40&nbsp;705 0774<\/mark><\/h4>\n<\/div>\n\n\n\n<div class=\"wp-block-group is-content-justification-left is-nowrap is-layout-flex wp-container-core-group-is-layout-fc9f69e7 wp-block-group-is-layout-flex\">\n<div class=\"wp-block-font-awesome-icon wp-font-awesome-icon\"><svg aria-hidden=\"true\" focusable=\"false\" data-prefix=\"fas\" data-icon=\"location-dot\" class=\"svg-inline--fa fa-location-dot \" role=\"img\" xmlns=\"http:\/\/www.w3.org\/2000\/svg\" viewBox=\"0 0 384 512\"><path fill=\"currentColor\" d=\"M0 188.6C0 84.4 86 0 192 0S384 84.4 384 188.6c0 119.3-120.2 262.3-170.4 316.8-11.8 12.8-31.5 12.8-43.3 0-50.2-54.5-170.4-197.5-170.4-316.8zM192 256a64 64 0 1 0 0-128 64 64 0 1 0 0 128z\"><\/path><\/svg><\/div>\n\n\n\n<h4 class=\"wp-block-heading\"><mark style=\"background-color:rgba(0, 0, 0, 0)\" class=\"has-inline-color has-background-color\">Helsinki, Suomi<\/mark><\/h4>\n<\/div>\n\n\n\n<div class=\"wp-block-group is-nowrap is-layout-flex wp-container-core-group-is-layout-6c531013 wp-block-group-is-layout-flex\">\n<div class=\"wp-block-font-awesome-icon wp-font-awesome-icon\"><svg aria-hidden=\"true\" focusable=\"false\" data-prefix=\"fas\" data-icon=\"envelope-open\" class=\"svg-inline--fa fa-envelope-open \" role=\"img\" xmlns=\"http:\/\/www.w3.org\/2000\/svg\" viewBox=\"0 0 512 512\"><path fill=\"currentColor\" d=\"M64.4 175.8L256 33.9 447.6 175.8 289.5 293c-9.7 7.2-21.4 11-33.5 11s-23.8-3.9-33.5-11L64.4 175.8zM256-32c-12.1 0-23.8 3.9-33.5 11L25.9 124.7C9.6 136.8 0 155.8 0 176.1L0 416c0 35.3 28.7 64 64 64l384 0c35.3 0 64-28.7 64-64l0-239.9c0-20.3-9.6-39.4-25.9-51.4L289.5-21c-9.7-7.2-21.4-11-33.5-11z\"><\/path><\/svg><\/div>\n\n\n\n<h4 class=\"wp-block-heading\"><mark style=\"background-color:rgba(0, 0, 0, 0)\" class=\"has-inline-color has-background-color\">info@sertgroup.fi<\/mark><\/h4>\n<\/div>\n\n\n\n<div class=\"wp-block-group is-nowrap is-layout-flex wp-container-core-group-is-layout-6c531013 wp-block-group-is-layout-flex\">\n<div class=\"wp-block-font-awesome-icon wp-font-awesome-icon\"><svg aria-hidden=\"true\" focusable=\"false\" data-prefix=\"fas\" data-icon=\"envelope-open\" class=\"svg-inline--fa fa-envelope-open \" role=\"img\" xmlns=\"http:\/\/www.w3.org\/2000\/svg\" viewBox=\"0 0 512 512\"><path fill=\"currentColor\" d=\"M64.4 175.8L256 33.9 447.6 175.8 289.5 293c-9.7 7.2-21.4 11-33.5 11s-23.8-3.9-33.5-11L64.4 175.8zM256-32c-12.1 0-23.8 3.9-33.5 11L25.9 124.7C9.6 136.8 0 155.8 0 176.1L0 416c0 35.3 28.7 64 64 64l384 0c35.3 0 64-28.7 64-64l0-239.9c0-20.3-9.6-39.4-25.9-51.4L289.5-21c-9.7-7.2-21.4-11-33.5-11z\"><\/path><\/svg><\/div>\n\n\n\n<h4 class=\"wp-block-heading\"><mark style=\"background-color:rgba(0, 0, 0, 0)\" class=\"has-inline-color has-background-color\">efe.sert@sertgroup.fi<\/mark><\/h4>\n<\/div>\n<\/div>\n<\/div><figure class=\"wp-block-media-text__media\"><img loading=\"lazy\" decoding=\"async\" width=\"768\" height=\"1024\" src=\"https:\/\/www.sertgroup.fi\/wp-content\/uploads\/2025\/06\/1-768x1024.jpeg\" alt=\"\" class=\"wp-image-61 size-full\" srcset=\"https:\/\/www.sertgroup.fi\/wp-content\/uploads\/2025\/06\/1-768x1024.jpeg 768w, https:\/\/www.sertgroup.fi\/wp-content\/uploads\/2025\/06\/1-225x300.jpeg 225w, https:\/\/www.sertgroup.fi\/wp-content\/uploads\/2025\/06\/1-1152x1536.jpeg 1152w, https:\/\/www.sertgroup.fi\/wp-content\/uploads\/2025\/06\/1.jpeg 1536w\" sizes=\"auto, (max-width: 768px) 100vw, 768px\" \/><\/figure><\/div>\n\n\n\n<h2 class=\"wp-block-heading\">Yhteydenottolomake<\/h2>\n\n\n<style id=\"wpforms-css-vars-227-block-1a80c1d8-1fd7-497b-a234-2e2c144c2789\">\n\t\t\t\t#wpforms-227.wpforms-block-1a80c1d8-1fd7-497b-a234-2e2c144c2789 {\n\t\t\t\t--wpforms-field-size-input-height: 43px;\n--wpforms-field-size-input-spacing: 15px;\n--wpforms-field-size-font-size: 16px;\n--wpforms-field-size-line-height: 19px;\n--wpforms-field-size-padding-h: 14px;\n--wpforms-field-size-checkbox-size: 16px;\n--wpforms-field-size-sublabel-spacing: 5px;\n--wpforms-field-size-icon-size: 1;\n--wpforms-label-size-font-size: 16px;\n--wpforms-label-size-line-height: 19px;\n--wpforms-label-size-sublabel-font-size: 14px;\n--wpforms-label-size-sublabel-line-height: 17px;\n--wpforms-button-size-font-size: 17px;\n--wpforms-button-size-height: 41px;\n--wpforms-button-size-padding-h: 15px;\n--wpforms-button-size-margin-top: 10px;\n\t\t\t}\n\t\t\t<\/style><div class=\"wpforms-container wpforms-container-full wpforms-block wpforms-block-1a80c1d8-1fd7-497b-a234-2e2c144c2789 wpforms-render-modern\" id=\"wpforms-227\"><form id=\"wpforms-form-227\" class=\"wpforms-validate wpforms-form wpforms-ajax-form\" data-formid=\"227\" method=\"post\" enctype=\"multipart\/form-data\" action=\"\/index.php\/wp-json\/wp\/v2\/pages\/108\" data-token=\"0e471d8ce34c3e1e0957430c2dbc7cdf\" data-token-time=\"1778102110\"><noscript class=\"wpforms-error-noscript\">Please enable JavaScript in your browser to complete this form.<\/noscript><div id=\"wpforms-error-noscript\" style=\"display: none;\">Please enable JavaScript in your browser to complete this form.<\/div><div class=\"wpforms-field-container\"><div id=\"wpforms-227-field_1-container\" class=\"wpforms-field wpforms-field-name\" data-field-id=\"1\"><label class=\"wpforms-field-label\" for=\"wpforms-227-field_1\">Nimi <span class=\"wpforms-required-label\" aria-hidden=\"true\">*<\/span><\/label><input type=\"text\" id=\"wpforms-227-field_1\" class=\"wpforms-field-medium wpforms-field-required\" name=\"wpforms[fields][1]\" aria-errormessage=\"wpforms-227-field_1-error\" required><\/div><div id=\"wpforms-227-field_2-container\" class=\"wpforms-field wpforms-field-email\" data-field-id=\"2\"><label class=\"wpforms-field-label\" for=\"wpforms-227-field_2\">S\u00e4hk\u00f6posti <span class=\"wpforms-required-label\" aria-hidden=\"true\">*<\/span><\/label><input type=\"email\" id=\"wpforms-227-field_2\" class=\"wpforms-field-medium wpforms-field-required\" name=\"wpforms[fields][2]\" spellcheck=\"false\" aria-errormessage=\"wpforms-227-field_2-error\" required><\/div><div id=\"wpforms-227-field_6-container\" class=\"wpforms-field wpforms-field-text\" data-field-id=\"6\"><label class=\"wpforms-field-label\" for=\"wpforms-227-field_6\">Puhelin <span class=\"wpforms-required-label\" aria-hidden=\"true\">*<\/span><\/label><input type=\"text\" id=\"wpforms-227-field_6\" class=\"wpforms-field-medium wpforms-field-required wpforms-limit-characters-enabled\" data-form-id=\"227\" data-field-id=\"6\" data-text-limit=\"13\" name=\"wpforms[fields][6]\" aria-errormessage=\"wpforms-227-field_6-error\" aria-describedby=\"wpforms-227-field_6-description\" maxlength=\"13\" required><div id=\"wpforms-227-field_6-description\" class=\"wpforms-field-description\">Esim: +358 00 000 0000<\/div><\/div>\t\t<div id=\"wpforms-227-field_4-container\"\n\t\t\tclass=\"wpforms-field wpforms-field-text\"\n\t\t\tdata-field-type=\"text\"\n\t\t\tdata-field-id=\"4\"\n\t\t\t>\n\t\t\t<label class=\"wpforms-field-label\" for=\"wpforms-227-field_4\" >Puhelin Viesti Nimi<\/label>\n\t\t\t<input type=\"text\" id=\"wpforms-227-field_4\" class=\"wpforms-field-medium\" name=\"wpforms[fields][4]\" >\n\t\t<\/div>\n\t\t<div id=\"wpforms-227-field_3-container\" class=\"wpforms-field wpforms-field-textarea\" data-field-id=\"3\"><label class=\"wpforms-field-label\" for=\"wpforms-227-field_3\">Viesti <span class=\"wpforms-required-label\" aria-hidden=\"true\">*<\/span><\/label><textarea id=\"wpforms-227-field_3\" class=\"wpforms-field-medium wpforms-field-required\" name=\"wpforms[fields][3]\" aria-errormessage=\"wpforms-227-field_3-error\" required><\/textarea><\/div><script>\n\t\t\t\t( function() {\n\t\t\t\t\tconst style = document.createElement( 'style' );\n\t\t\t\t\tstyle.appendChild( document.createTextNode( '#wpforms-227-field_4-container { position: absolute !important; overflow: hidden !important; display: inline !important; height: 1px !important; width: 1px !important; z-index: -1000 !important; padding: 0 !important; } #wpforms-227-field_4-container input { visibility: hidden; } #wpforms-conversational-form-page #wpforms-227-field_4-container label { counter-increment: none; }' ) );\n\t\t\t\t\tdocument.head.appendChild( style );\n\t\t\t\t\tdocument.currentScript?.remove();\n\t\t\t\t} )();\n\t\t\t<\/script><\/div><!-- .wpforms-field-container --><div class=\"wpforms-submit-container\" ><input type=\"hidden\" name=\"wpforms[id]\" value=\"227\"><input type=\"hidden\" name=\"page_title\" value=\"\"><input type=\"hidden\" name=\"page_url\" value=\"https:\/\/www.sertgroup.fi\/index.php\/wp-json\/wp\/v2\/pages\/108\"><input type=\"hidden\" name=\"url_referer\" value=\"\">\n\t\t<p class=\"math-captcha-form\">\n\t\t\t<label>Math Captcha<\/label>\n\t\t\t<span>5 + &#52; = <input type=\"text\" size=\"2\" length=\"2\" id=\"mc-input\" class=\"mc-input\" name=\"mc-value\" value=\"\" aria-required=\"true\"\/><\/span>\n            <br><span style=\"font-size:8px;\">Powered by <a target=\"_blank\" href=\"https:\/\/wordpress.org\/plugins\/wp-advanced-math-captcha\">MathCaptcha<\/a><\/span>\n\t\t<\/p><button type=\"submit\" name=\"wpforms[submit]\" id=\"wpforms-submit-227\" class=\"wpforms-submit\" data-alt-text=\"l\u00e4hetet\u00e4\u00e4n\" data-submit-text=\"L\u00e4het\u00e4\" aria-live=\"assertive\" value=\"wpforms-submit\">L\u00e4het\u00e4<\/button><img loading=\"lazy\" decoding=\"async\" src=\"https:\/\/www.sertgroup.fi\/wp-content\/plugins\/wpforms-lite\/assets\/images\/submit-spin.svg\" class=\"wpforms-submit-spinner\" style=\"display: none;\" width=\"26\" height=\"26\" alt=\"Loading\"><\/div><\/form><\/div>  <!-- .wpforms-container -->","protected":false},"excerpt":{"rendered":"<p>Yhteydenottolomake<\/p>\n","protected":false},"author":1,"featured_media":0,"parent":0,"menu_order":0,"comment_status":"closed","ping_status":"closed","template":"","meta":{"footnotes":""},"class_list":["post-108","page","type-page","status-publish","hentry"],"_links":{"self":[{"href":"https:\/\/www.sertgroup.fi\/index.php\/wp-json\/wp\/v2\/pages\/108","targetHints":{"allow":["GET"]}}],"collection":[{"href":"https:\/\/www.sertgroup.fi\/index.php\/wp-json\/wp\/v2\/pages"}],"about":[{"href":"https:\/\/www.sertgroup.fi\/index.php\/wp-json\/wp\/v2\/types\/page"}],"author":[{"embeddable":true,"href":"https:\/\/www.sertgroup.fi\/index.php\/wp-json\/wp\/v2\/users\/1"}],"replies":[{"embeddable":true,"href":"https:\/\/www.sertgroup.fi\/index.php\/wp-json\/wp\/v2\/comments?post=108"}],"version-history":[{"count":19,"href":"https:\/\/www.sertgroup.fi\/index.php\/wp-json\/wp\/v2\/pages\/108\/revisions"}],"predecessor-version":[{"id":539,"href":"https:\/\/www.sertgroup.fi\/index.php\/wp-json\/wp\/v2\/pages\/108\/revisions\/539"}],"wp:attachment":[{"href":"https:\/\/www.sertgroup.fi\/index.php\/wp-json\/wp\/v2\/media?parent=108"}],"curies":[{"name":"wp","href":"https:\/\/api.w.org\/{rel}","templated":true}]}}