{"id":110,"date":"2025-09-12T12:14:39","date_gmt":"2025-09-12T12:14:39","guid":{"rendered":"https:\/\/www.sertgroup.fi\/?page_id=110"},"modified":"2025-10-06T10:21:47","modified_gmt":"2025-10-06T10:21:47","slug":"kuljetukset-eurooppaan","status":"publish","type":"page","link":"https:\/\/www.sertgroup.fi\/index.php\/kuljetukset-eurooppaan\/","title":{"rendered":"Kuljetukset Eurooppaan"},"content":{"rendered":"\n<div class=\"wp-block-media-text alignfull has-media-on-the-right is-stacked-on-mobile is-vertically-aligned-top has-text-color has-background has-link-color wp-elements-eaadc060ff194528f4b0bce658b430ac\" style=\"color:#fffdc7;background-color:#121c1c\"><div class=\"wp-block-media-text__content\">\n<div class=\"wp-block-group has-link-color wp-elements-b2e63a6323716db6e78c7961e236f7e1 is-layout-flow wp-block-group-is-layout-flow\" style=\"padding-top:2em;padding-right:2em;padding-bottom:2em;padding-left:2em\">\n<h2 class=\"wp-block-heading\" style=\"font-size:48px;font-style:normal;font-weight:700;line-height:1.15\"><mark style=\"background-color:rgba(0, 0, 0, 0)\" class=\"has-inline-color has-background-color\"><strong>Kuljetukset Eurooppaan<\/strong><\/mark><\/h2>\n\n\n\n<p><mark style=\"background-color:rgba(0, 0, 0, 0)\" class=\"has-inline-color has-background-color\">Yhdist\u00e4mme Suomen ja Euroopan tehokkailla kuljetusratkaisuilla. Sert Group huolehtii siit\u00e4, ett\u00e4 l\u00e4hetykset liikkuvat sujuvasti maasta toiseen ja saapuvat perille sovitusti. Palvelumme kattaa kuljetuksen koko matkan ajan, mutta emme vastaa tulli- tai muista viranomaisasioista \u2013 niist\u00e4 huolehtii l\u00e4hett\u00e4j\u00e4 tai vastaanottaja. Kansainv\u00e4lisiss\u00e4 kuljetuksissa vahvuutemme on toimitusvarmuus ja kyky mukautua asiakkaan tarpeisiin kilpailukykyisell\u00e4 ja laadukkaalla palvelulla.<\/mark><\/p>\n<\/div>\n<\/div><figure class=\"wp-block-media-text__media\"><img loading=\"lazy\" decoding=\"async\" width=\"768\" height=\"1024\" src=\"http:\/\/www.sertgroup.fi\/wp-content\/uploads\/2025\/10\/WhatsApp-Kuva-2025-10-05-klo-09.59.39_96774f9a-768x1024.jpg\" alt=\"\" class=\"wp-image-442 size-full\" srcset=\"https:\/\/www.sertgroup.fi\/wp-content\/uploads\/2025\/10\/WhatsApp-Kuva-2025-10-05-klo-09.59.39_96774f9a-768x1024.jpg 768w, https:\/\/www.sertgroup.fi\/wp-content\/uploads\/2025\/10\/WhatsApp-Kuva-2025-10-05-klo-09.59.39_96774f9a-225x300.jpg 225w, https:\/\/www.sertgroup.fi\/wp-content\/uploads\/2025\/10\/WhatsApp-Kuva-2025-10-05-klo-09.59.39_96774f9a-1152x1536.jpg 1152w, https:\/\/www.sertgroup.fi\/wp-content\/uploads\/2025\/10\/WhatsApp-Kuva-2025-10-05-klo-09.59.39_96774f9a.jpg 1536w\" sizes=\"auto, (max-width: 768px) 100vw, 768px\" \/><\/figure><\/div>\n","protected":false},"excerpt":{"rendered":"","protected":false},"author":1,"featured_media":0,"parent":0,"menu_order":0,"comment_status":"closed","ping_status":"closed","template":"","meta":{"footnotes":""},"class_list":["post-110","page","type-page","status-publish","hentry"],"_links":{"self":[{"href":"https:\/\/www.sertgroup.fi\/index.php\/wp-json\/wp\/v2\/pages\/110","targetHints":{"allow":["GET"]}}],"collection":[{"href":"https:\/\/www.sertgroup.fi\/index.php\/wp-json\/wp\/v2\/pages"}],"about":[{"href":"https:\/\/www.sertgroup.fi\/index.php\/wp-json\/wp\/v2\/types\/page"}],"author":[{"embeddable":true,"href":"https:\/\/www.sertgroup.fi\/index.php\/wp-json\/wp\/v2\/users\/1"}],"replies":[{"embeddable":true,"href":"https:\/\/www.sertgroup.fi\/index.php\/wp-json\/wp\/v2\/comments?post=110"}],"version-history":[{"count":9,"href":"https:\/\/www.sertgroup.fi\/index.php\/wp-json\/wp\/v2\/pages\/110\/revisions"}],"predecessor-version":[{"id":472,"href":"https:\/\/www.sertgroup.fi\/index.php\/wp-json\/wp\/v2\/pages\/110\/revisions\/472"}],"wp:attachment":[{"href":"https:\/\/www.sertgroup.fi\/index.php\/wp-json\/wp\/v2\/media?parent=110"}],"curies":[{"name":"wp","href":"https:\/\/api.w.org\/{rel}","templated":true}]}}