{"id":112,"date":"2025-09-12T12:14:48","date_gmt":"2025-09-12T12:14:48","guid":{"rendered":"https:\/\/www.sertgroup.fi\/?page_id=112"},"modified":"2025-10-22T10:34:56","modified_gmt":"2025-10-22T10:34:56","slug":"kuljetukset-pohjoismaihin","status":"publish","type":"page","link":"https:\/\/www.sertgroup.fi\/index.php\/kuljetukset-pohjoismaihin\/","title":{"rendered":"Kuljetukset Pohjoismaihin"},"content":{"rendered":"\n<div class=\"wp-block-media-text alignfull has-media-on-the-right is-stacked-on-mobile is-vertically-aligned-top has-text-color has-background has-link-color wp-elements-57aa784239df7d6e34d0948ab4cfd566\" style=\"color:#fffdc7;background-color:#121c1c;grid-template-columns:auto 49%\"><div class=\"wp-block-media-text__content\">\n<div class=\"wp-block-group has-link-color wp-elements-c8a2f3428d301d6a76d5bf08827b5442 is-layout-flow wp-block-group-is-layout-flow\" style=\"padding-top:2em;padding-right:2em;padding-bottom:2em;padding-left:2em\">\n<h2 class=\"wp-block-heading\"><mark style=\"background-color:rgba(0, 0, 0, 0)\" class=\"has-inline-color has-background-color\">Kuljetukset Pohjoismaihin<\/mark><\/h2>\n<\/div>\n\n\n\n<p class=\"has-text-color has-link-color wp-elements-d8cde444822b906585be1deb94cd1d56\" style=\"color:#fffdc7\"><mark style=\"background-color:rgba(0, 0, 0, 0)\" class=\"has-inline-color has-background-color\">Pohjoismaiden reitit ovat meille tuttuja. Tarjoamme luotettavat kuljetukset Ruotsiin, Norjaan ja Tanskaan \u2013 sek\u00e4 yksitt\u00e4isille l\u00e4hetyksille ett\u00e4 suuremmille erille. Erityisesti pohjoismaisissa kuljetuksissa korostuvat nopeus, luotettavuus ja kyky toimittaa tavarat perille sovitun mukaisesti. Sert Groupin avulla asiakkaat saavat varman ja osaavan kumppanin pohjoismaisiin kuljetuksiin.<\/mark><\/p>\n<\/div><figure class=\"wp-block-media-text__media\"><img loading=\"lazy\" decoding=\"async\" width=\"768\" height=\"1024\" src=\"http:\/\/www.sertgroup.fi\/wp-content\/uploads\/2025\/10\/WhatsApp-Kuva-2025-10-05-klo-09.59.38_34f14fa0-768x1024.jpg\" alt=\"\" class=\"wp-image-440 size-full\" srcset=\"https:\/\/www.sertgroup.fi\/wp-content\/uploads\/2025\/10\/WhatsApp-Kuva-2025-10-05-klo-09.59.38_34f14fa0-768x1024.jpg 768w, https:\/\/www.sertgroup.fi\/wp-content\/uploads\/2025\/10\/WhatsApp-Kuva-2025-10-05-klo-09.59.38_34f14fa0-225x300.jpg 225w, https:\/\/www.sertgroup.fi\/wp-content\/uploads\/2025\/10\/WhatsApp-Kuva-2025-10-05-klo-09.59.38_34f14fa0-1152x1536.jpg 1152w, https:\/\/www.sertgroup.fi\/wp-content\/uploads\/2025\/10\/WhatsApp-Kuva-2025-10-05-klo-09.59.38_34f14fa0.jpg 1536w\" sizes=\"auto, (max-width: 768px) 100vw, 768px\" \/><\/figure><\/div>\n","protected":false},"excerpt":{"rendered":"","protected":false},"author":1,"featured_media":0,"parent":0,"menu_order":0,"comment_status":"closed","ping_status":"closed","template":"","meta":{"footnotes":""},"class_list":["post-112","page","type-page","status-publish","hentry"],"_links":{"self":[{"href":"https:\/\/www.sertgroup.fi\/index.php\/wp-json\/wp\/v2\/pages\/112","targetHints":{"allow":["GET"]}}],"collection":[{"href":"https:\/\/www.sertgroup.fi\/index.php\/wp-json\/wp\/v2\/pages"}],"about":[{"href":"https:\/\/www.sertgroup.fi\/index.php\/wp-json\/wp\/v2\/types\/page"}],"author":[{"embeddable":true,"href":"https:\/\/www.sertgroup.fi\/index.php\/wp-json\/wp\/v2\/users\/1"}],"replies":[{"embeddable":true,"href":"https:\/\/www.sertgroup.fi\/index.php\/wp-json\/wp\/v2\/comments?post=112"}],"version-history":[{"count":9,"href":"https:\/\/www.sertgroup.fi\/index.php\/wp-json\/wp\/v2\/pages\/112\/revisions"}],"predecessor-version":[{"id":530,"href":"https:\/\/www.sertgroup.fi\/index.php\/wp-json\/wp\/v2\/pages\/112\/revisions\/530"}],"wp:attachment":[{"href":"https:\/\/www.sertgroup.fi\/index.php\/wp-json\/wp\/v2\/media?parent=112"}],"curies":[{"name":"wp","href":"https:\/\/api.w.org\/{rel}","templated":true}]}}