{"id":116,"date":"2025-09-12T12:15:32","date_gmt":"2025-09-12T12:15:32","guid":{"rendered":"https:\/\/www.sertgroup.fi\/?page_id=116"},"modified":"2025-10-22T10:35:10","modified_gmt":"2025-10-22T10:35:10","slug":"kotimaan-kuljetus","status":"publish","type":"page","link":"https:\/\/www.sertgroup.fi\/index.php\/kotimaan-kuljetus\/","title":{"rendered":"Kotimaan Kuljetus"},"content":{"rendered":"\n<div class=\"wp-block-media-text alignfull has-media-on-the-right is-stacked-on-mobile is-vertically-aligned-top has-text-color has-background has-link-color wp-elements-33464024c92f3f4a6e9ee75934ff3d1d\" style=\"color:#fffdc7;background-color:#121c1c\"><div class=\"wp-block-media-text__content\">\n<div class=\"wp-block-group has-link-color wp-elements-b489808f5c575550f294b307f3f35379 is-layout-flow wp-block-group-is-layout-flow\" style=\"padding-top:2em;padding-right:2em;padding-bottom:2em;padding-left:2em\">\n<h3 class=\"wp-block-heading\" style=\"font-size:48px;font-style:normal;font-weight:700;line-height:1.15\"><mark style=\"background-color:rgba(0, 0, 0, 0)\" class=\"has-inline-color has-background-color\"><strong>Kuljetukset kotimaassa<\/strong><\/mark><\/h3>\n\n\n\n<p><mark style=\"background-color:rgba(0, 0, 0, 0)\" class=\"has-inline-color has-background-color\">Sert Group tarjoaa kattavat ja luotettavat kuljetusratkaisut kaikkialle Suomeen. Olipa kyse pienemmist\u00e4 l\u00e4hetyksist\u00e4 tai suurista kuljetuskokonaisuuksista, varmistamme ett\u00e4 tavarasi saapuvat perille ajallaan ja sovitusti. Toimintamme perustuu t\u00e4sm\u00e4llisyyteen ja joustavuuteen \u2013 tied\u00e4mme, ett\u00e4 kotimaan kuljetuksissa aikataulut ja luotettavuus ratkaisevat. Ammattitaitoinen henkil\u00f6st\u00f6mme ja monipuolinen kalustomme takaavat, ett\u00e4 asiakkaamme voivat keskitty\u00e4 omaan toimintaansa ilman huolta kuljetusten onnistumisesta.<\/mark><\/p>\n<\/div>\n<\/div><figure class=\"wp-block-media-text__media\"><img loading=\"lazy\" decoding=\"async\" width=\"768\" height=\"1024\" src=\"http:\/\/www.sertgroup.fi\/wp-content\/uploads\/2025\/10\/WhatsApp-Kuva-2025-10-05-klo-09.59.39_a38fe963-768x1024.jpg\" alt=\"\" class=\"wp-image-443 size-full\" srcset=\"https:\/\/www.sertgroup.fi\/wp-content\/uploads\/2025\/10\/WhatsApp-Kuva-2025-10-05-klo-09.59.39_a38fe963-768x1024.jpg 768w, https:\/\/www.sertgroup.fi\/wp-content\/uploads\/2025\/10\/WhatsApp-Kuva-2025-10-05-klo-09.59.39_a38fe963-225x300.jpg 225w, https:\/\/www.sertgroup.fi\/wp-content\/uploads\/2025\/10\/WhatsApp-Kuva-2025-10-05-klo-09.59.39_a38fe963-1152x1536.jpg 1152w, https:\/\/www.sertgroup.fi\/wp-content\/uploads\/2025\/10\/WhatsApp-Kuva-2025-10-05-klo-09.59.39_a38fe963.jpg 1536w\" sizes=\"auto, (max-width: 768px) 100vw, 768px\" \/><\/figure><\/div>\n","protected":false},"excerpt":{"rendered":"","protected":false},"author":1,"featured_media":0,"parent":0,"menu_order":0,"comment_status":"closed","ping_status":"closed","template":"","meta":{"footnotes":""},"class_list":["post-116","page","type-page","status-publish","hentry"],"_links":{"self":[{"href":"https:\/\/www.sertgroup.fi\/index.php\/wp-json\/wp\/v2\/pages\/116","targetHints":{"allow":["GET"]}}],"collection":[{"href":"https:\/\/www.sertgroup.fi\/index.php\/wp-json\/wp\/v2\/pages"}],"about":[{"href":"https:\/\/www.sertgroup.fi\/index.php\/wp-json\/wp\/v2\/types\/page"}],"author":[{"embeddable":true,"href":"https:\/\/www.sertgroup.fi\/index.php\/wp-json\/wp\/v2\/users\/1"}],"replies":[{"embeddable":true,"href":"https:\/\/www.sertgroup.fi\/index.php\/wp-json\/wp\/v2\/comments?post=116"}],"version-history":[{"count":8,"href":"https:\/\/www.sertgroup.fi\/index.php\/wp-json\/wp\/v2\/pages\/116\/revisions"}],"predecessor-version":[{"id":471,"href":"https:\/\/www.sertgroup.fi\/index.php\/wp-json\/wp\/v2\/pages\/116\/revisions\/471"}],"wp:attachment":[{"href":"https:\/\/www.sertgroup.fi\/index.php\/wp-json\/wp\/v2\/media?parent=116"}],"curies":[{"name":"wp","href":"https:\/\/api.w.org\/{rel}","templated":true}]}}