{"id":120,"date":"2025-09-12T12:16:16","date_gmt":"2025-09-12T12:16:16","guid":{"rendered":"https:\/\/www.sertgroup.fi\/?page_id=120"},"modified":"2025-10-06T10:23:05","modified_gmt":"2025-10-06T10:23:05","slug":"pikakuljetus","status":"publish","type":"page","link":"https:\/\/www.sertgroup.fi\/index.php\/pikakuljetus\/","title":{"rendered":"Pikakuljetus"},"content":{"rendered":"\n<div class=\"wp-block-media-text alignfull has-media-on-the-right is-stacked-on-mobile is-vertically-aligned-top has-text-color has-background has-link-color wp-elements-a40d1860df8dba73e415f971e0c7eddc\" style=\"color:#fffdc7;background-color:#121c1c;grid-template-columns:auto 47%\"><div class=\"wp-block-media-text__content\">\n<div class=\"wp-block-group has-link-color wp-elements-9be02d587b635d147fcc03a4e68e1815 is-layout-flow wp-block-group-is-layout-flow\" style=\"padding-top:2em;padding-right:2em;padding-bottom:2em;padding-left:2em\">\n<h2 class=\"wp-block-heading has-text-align-left\" style=\"font-size:48px;font-style:normal;font-weight:700;line-height:1.15\"><strong>Pikakuljetukset<\/strong><\/h2>\n\n\n\n<p class=\"has-text-color has-link-color wp-elements-0e7969d9153d53483422ba6bef07789e\" style=\"color:#fffdc7\"><mark style=\"background-color:rgba(0, 0, 0, 0)\" class=\"has-inline-color has-background-color\">Kun l\u00e4hetys on saatava nopeasti perille, Sert Groupin pikakuljetus on ratkaisu. Reagoimme heti asiakkaan tarpeeseen ja toimitamme l\u00e4hetykset ripe\u00e4sti sek\u00e4 kotimaassa ett\u00e4 ulkomaille. Pikakuljetus sopii erityisesti kiireellisille tavaroille, kriittisille varaosille ja asiakastoimituksille, joissa viiv\u00e4stykselle ei ole vaihtoehtoa.<\/mark><\/p>\n<\/div>\n<\/div><figure class=\"wp-block-media-text__media\"><img loading=\"lazy\" decoding=\"async\" width=\"768\" height=\"1024\" src=\"https:\/\/www.sertgroup.fi\/wp-content\/uploads\/2025\/09\/WhatsApp-Kuva-2025-09-24-klo-16.10.40_181138f0-768x1024.jpg\" alt=\"\" class=\"wp-image-269 size-full\" srcset=\"https:\/\/www.sertgroup.fi\/wp-content\/uploads\/2025\/09\/WhatsApp-Kuva-2025-09-24-klo-16.10.40_181138f0-768x1024.jpg 768w, https:\/\/www.sertgroup.fi\/wp-content\/uploads\/2025\/09\/WhatsApp-Kuva-2025-09-24-klo-16.10.40_181138f0-225x300.jpg 225w, https:\/\/www.sertgroup.fi\/wp-content\/uploads\/2025\/09\/WhatsApp-Kuva-2025-09-24-klo-16.10.40_181138f0-1152x1536.jpg 1152w, https:\/\/www.sertgroup.fi\/wp-content\/uploads\/2025\/09\/WhatsApp-Kuva-2025-09-24-klo-16.10.40_181138f0.jpg 1536w\" sizes=\"auto, (max-width: 768px) 100vw, 768px\" \/><\/figure><\/div>\n","protected":false},"excerpt":{"rendered":"","protected":false},"author":1,"featured_media":0,"parent":0,"menu_order":0,"comment_status":"closed","ping_status":"closed","template":"","meta":{"footnotes":""},"class_list":["post-120","page","type-page","status-publish","hentry"],"_links":{"self":[{"href":"https:\/\/www.sertgroup.fi\/index.php\/wp-json\/wp\/v2\/pages\/120","targetHints":{"allow":["GET"]}}],"collection":[{"href":"https:\/\/www.sertgroup.fi\/index.php\/wp-json\/wp\/v2\/pages"}],"about":[{"href":"https:\/\/www.sertgroup.fi\/index.php\/wp-json\/wp\/v2\/types\/page"}],"author":[{"embeddable":true,"href":"https:\/\/www.sertgroup.fi\/index.php\/wp-json\/wp\/v2\/users\/1"}],"replies":[{"embeddable":true,"href":"https:\/\/www.sertgroup.fi\/index.php\/wp-json\/wp\/v2\/comments?post=120"}],"version-history":[{"count":9,"href":"https:\/\/www.sertgroup.fi\/index.php\/wp-json\/wp\/v2\/pages\/120\/revisions"}],"predecessor-version":[{"id":476,"href":"https:\/\/www.sertgroup.fi\/index.php\/wp-json\/wp\/v2\/pages\/120\/revisions\/476"}],"wp:attachment":[{"href":"https:\/\/www.sertgroup.fi\/index.php\/wp-json\/wp\/v2\/media?parent=120"}],"curies":[{"name":"wp","href":"https:\/\/api.w.org\/{rel}","templated":true}]}}