{"id":122,"date":"2025-09-12T12:16:25","date_gmt":"2025-09-12T12:16:25","guid":{"rendered":"https:\/\/www.sertgroup.fi\/?page_id=122"},"modified":"2025-10-06T10:22:25","modified_gmt":"2025-10-06T10:22:25","slug":"muuttokuljetus","status":"publish","type":"page","link":"https:\/\/www.sertgroup.fi\/index.php\/muuttokuljetus\/","title":{"rendered":"Muuttokuljetus"},"content":{"rendered":"\n<div class=\"wp-block-media-text alignfull has-media-on-the-right is-stacked-on-mobile is-vertically-aligned-top has-text-color has-background has-link-color wp-elements-f954c169e6569cd93bfba474049d34c5\" style=\"color:#fffdc7;background-color:#121c1c\"><div class=\"wp-block-media-text__content\">\n<div class=\"wp-block-group has-link-color wp-elements-ea1974b706fc3b107d1f9b92545e5600 is-layout-flow wp-block-group-is-layout-flow\" style=\"padding-top:2em;padding-right:2em;padding-bottom:2em;padding-left:2em\">\n<h2 class=\"wp-block-heading\" style=\"font-size:48px;font-style:normal;font-weight:700;line-height:1.15\"><mark style=\"background-color:rgba(0, 0, 0, 0)\" class=\"has-inline-color has-background-color\"><strong>Muuttokuljetukset<\/strong><\/mark><\/h2>\n\n\n\n<p class=\"has-text-color has-link-color wp-elements-6cc619aa26f4f3fdfc816df0584240bd\" style=\"color:#fffdc7\"><mark style=\"background-color:rgba(0, 0, 0, 0)\" class=\"has-inline-color has-background-color\">Muutto on usein suuri projekti, johon kannattaa valita kokenut ammattilainen. Sert Group tarjoaa muuttokuljetuspalvelut, joissa yhdistyv\u00e4t tehokkuus, huolellisuus ja asiakasl\u00e4ht\u00f6isyys. Hoidamme sek\u00e4 kotitalouksien ett\u00e4 yritysten muutot, ja palvelu voidaan r\u00e4\u00e4t\u00e4l\u00f6id\u00e4 asiakkaan tarpeiden mukaan. Varmistamme, ett\u00e4 tavarasi k\u00e4sitell\u00e4\u00e4n huolella ja toimitetaan turvallisesti uuteen osoitteeseen.<\/mark><\/p>\n<\/div>\n<\/div><figure class=\"wp-block-media-text__media\"><img loading=\"lazy\" decoding=\"async\" width=\"768\" height=\"1024\" src=\"https:\/\/www.sertgroup.fi\/wp-content\/uploads\/2025\/09\/WhatsApp-Kuva-2025-09-24-klo-16.10.41_0166df0d-768x1024.jpg\" alt=\"\" class=\"wp-image-270 size-full\" srcset=\"https:\/\/www.sertgroup.fi\/wp-content\/uploads\/2025\/09\/WhatsApp-Kuva-2025-09-24-klo-16.10.41_0166df0d-768x1024.jpg 768w, https:\/\/www.sertgroup.fi\/wp-content\/uploads\/2025\/09\/WhatsApp-Kuva-2025-09-24-klo-16.10.41_0166df0d-225x300.jpg 225w, https:\/\/www.sertgroup.fi\/wp-content\/uploads\/2025\/09\/WhatsApp-Kuva-2025-09-24-klo-16.10.41_0166df0d-1152x1536.jpg 1152w, https:\/\/www.sertgroup.fi\/wp-content\/uploads\/2025\/09\/WhatsApp-Kuva-2025-09-24-klo-16.10.41_0166df0d.jpg 1536w\" sizes=\"auto, (max-width: 768px) 100vw, 768px\" \/><\/figure><\/div>\n","protected":false},"excerpt":{"rendered":"","protected":false},"author":1,"featured_media":0,"parent":0,"menu_order":0,"comment_status":"closed","ping_status":"closed","template":"","meta":{"footnotes":""},"class_list":["post-122","page","type-page","status-publish","hentry"],"_links":{"self":[{"href":"https:\/\/www.sertgroup.fi\/index.php\/wp-json\/wp\/v2\/pages\/122","targetHints":{"allow":["GET"]}}],"collection":[{"href":"https:\/\/www.sertgroup.fi\/index.php\/wp-json\/wp\/v2\/pages"}],"about":[{"href":"https:\/\/www.sertgroup.fi\/index.php\/wp-json\/wp\/v2\/types\/page"}],"author":[{"embeddable":true,"href":"https:\/\/www.sertgroup.fi\/index.php\/wp-json\/wp\/v2\/users\/1"}],"replies":[{"embeddable":true,"href":"https:\/\/www.sertgroup.fi\/index.php\/wp-json\/wp\/v2\/comments?post=122"}],"version-history":[{"count":4,"href":"https:\/\/www.sertgroup.fi\/index.php\/wp-json\/wp\/v2\/pages\/122\/revisions"}],"predecessor-version":[{"id":474,"href":"https:\/\/www.sertgroup.fi\/index.php\/wp-json\/wp\/v2\/pages\/122\/revisions\/474"}],"wp:attachment":[{"href":"https:\/\/www.sertgroup.fi\/index.php\/wp-json\/wp\/v2\/media?parent=122"}],"curies":[{"name":"wp","href":"https:\/\/api.w.org\/{rel}","templated":true}]}}